{"id":2226,"date":"2011-09-14T09:45:02","date_gmt":"2011-09-14T08:45:02","guid":{"rendered":"https:\/\/www.lydiagauthier.com\/?page_id=2226&#038;lang=en"},"modified":"2024-07-10T11:29:22","modified_gmt":"2024-07-10T15:29:22","slug":"accueil","status":"publish","type":"page","link":"https:\/\/www.lydiagauthier.com\/en\/","title":{"rendered":"Home"},"content":{"rendered":"\n\n\t<p>Professionals in the Skin Care Industry<\/p>\n<h1>Increase your credibility and the results of your institute<\/h1>\n<p><a role=\"button\" href=\"\/en\/online-training\/\">SEE OUR TRAININGS<\/a><\/p>\n<h2>\n\t\tYour Skin, the only piece of Clothing you will Wear your whole&nbsp;Life!&nbsp;\u2122\n\t<\/h2>\n\t\t\t\t<img loading=\"lazy\" decoding=\"async\" src=\"https:\/\/www.lydiagauthier.com\/wp-content\/uploads\/2022\/01\/classe-noir-et-blanc.jpg\" alt=\"classe de formation\" itemprop=\"image\" height=\"304\" width=\"842\" title=\"classe-noir-et-blanc\" onerror=\"this.style.display='none'\"  \/>\n\t<h3>Training<\/h3>\nTraining, specialized workshops and discovery conferences for professionals working with skin on a daily basis<br \/>\n(now exclusively online)\n<p><a role=\"button\" href=\"\/en\/online-training\/\">Start today<\/a><\/p>\n\t\t\t\t<img loading=\"lazy\" decoding=\"async\" src=\"https:\/\/www.lydiagauthier.com\/wp-content\/uploads\/2022\/01\/carte-bottin-expertes.jpg\" alt=\"Carte routiere bottin des expertes\" itemprop=\"image\" height=\"304\" width=\"842\" title=\"carte-bottin-expertes\" onerror=\"this.style.display='none'\"  \/>\n\t<h3>Skin Expert Directory<\/h3>\n<p>Find an expert in your area to listen to you and take charge of your skin problem.<\/p>\n<p><a role=\"button\" href=\"\/en\/recommendation-directory\/\">Find an Expert here<\/a><\/p>\n\t<iframe loading=\"lazy\" title=\"Lydia_Gauthier_Entrevue_VF_avec_infographies\" src=\"https:\/\/player.vimeo.com\/video\/657475847?dnt=1&amp;app_id=122963\" width=\"500\" height=\"281\" frameborder=\"0\" allow=\"autoplay; fullscreen; picture-in-picture; clipboard-write\"><\/iframe>\n\t<h2>DERMOPHARMACY:<br \/>\nA science for skin care professionals<\/h2>\n\t<p>Lydia Gauthier, M.Sc. is a passionate dermocosmetologist. She educates, trains and raises the awareness of cosmetic companies, pharmacies, vocational schools as well as professionals working in Skin Care Industry, such as cosmeticians, estheticians, nurses and doctors wishing to specialize in skin care. She offers training, specialized workshops and conferences adapted to current market needs in order to help them better understand the skin, and its interaction with skincare products as well as its external environment. She also offers private consultations to her community of professionals.<\/p>\n\t\t\t\t<img loading=\"lazy\" decoding=\"async\" src=\"https:\/\/www.lydiagauthier.com\/wp-content\/uploads\/2022\/01\/logo-universite-laval.png\" alt=\"Logo de Universite Laval\" itemprop=\"image\" height=\"60\" width=\"146\" title=\"logo-universite-laval\" onerror=\"this.style.display='none'\"  \/>\n\t\t\t\t<img loading=\"lazy\" decoding=\"async\" src=\"https:\/\/www.lydiagauthier.com\/wp-content\/uploads\/2022\/01\/logo-loex.png\" alt=\"Centre de recherche de l'Universit\u00e9 Laval \/ LOEX\" itemprop=\"image\" height=\"57\" width=\"152\" title=\"logo-loex\" onerror=\"this.style.display='none'\"  \/>\n\t\t\t\t<img loading=\"lazy\" decoding=\"async\" src=\"https:\/\/www.lydiagauthier.com\/wp-content\/uploads\/2022\/01\/logo-ipil.png\" alt=\"IPIL-Institut de Pharmacie Industrielle de Lyon\" itemprop=\"image\" height=\"72\" width=\"89\" title=\"logo-ipil\" onerror=\"this.style.display='none'\"  \/>\n\t\t\t\t<img loading=\"lazy\" decoding=\"async\" src=\"https:\/\/www.lydiagauthier.com\/wp-content\/uploads\/2022\/01\/logo-universite-claude-bernard-lyon.png\" alt=\"Logo universite Claude Bernard \" itemprop=\"image\" height=\"57\" width=\"220\" title=\"logo-universite-claude-bernard-lyon\" onerror=\"this.style.display='none'\"  \/>\n\t<h3>Become a REFERENCE in your sector and obtain results that will change your professional life and will also improve the life of your customers!<\/h3>\n\t<h2>They trusted us!<\/h2>\n<p>Lydia Gauthier, M.Sc. helps professionals in the Skin Care Industry to deepen their knowledge and understanding, which allows them to provide better services and better specialized recommendations according to the changing needs of their clientele.<\/p>\n\t<div id='wpsr-reviews-grid-6494' class='wpsr-reviews-6494 wpsr-reviews-wrapper wpsr-feed-wrap wpsr_content     wpsr-reviews-template-grid1 wpsr-reviews-layout-grid ' data-column='3' data-platforms='facebook,google'><div class=\"wpsr-container \" style=\"\" ><div class=\"wpsr-all-reviews wpsr_feeds wpsr-ai-summary-enabled-grid wpsr-row  \" data-column=\"3\"><div class=\"wpsr-col-3 wpsr-col-sm-4 wpsr-col-xs-12\" role=\"group\">\n            <div class=\"wpsr-review-template wpsr-review-template-one wpsr-review-template-google\"\n                 style=\"\"\n                 data-index=\"0\"\n                 data-source_id=\"6000371202722350932\"\n                 data-media_id=\"AbFvOqmHhSVXjAOmrV73r3Q1t14HkF_06Il7Sbu-tfdd30slIwSOQK8pP7tXVfEhbTt17fEcH_GEZg\"\n                 data-review_platform=\"google\"\n                 data-product_thumbnail=\"\"\n                 data-product_name=\"\"\n                 data-image_resize=\"full\"\n            >\n                <div class=\"wpsr-reviewer-image\">\n    <a class=\"wpsr-reviewer-image-url \" target=\"_blank\" rel=\"noopener noreferrer nofollow\" href=\"https:\/\/search.google.com\/local\/reviews?placeid=ChIJxWq60o8ZyUwRbPpMpvybKfY\">\n                                    <img decoding=\"async\" class=\"wpsr-reviewer-avatar\" src=\"https:\/\/lh3.googleusercontent.com\/a-\/ALV-UjVD8lLFRbIV2cedqn3Ci77y18VlO5coeedMxQfed11cZ1bjG6s=s120-c-rp-mo-br100\" alt=\"Genevi\u00e8ve M\u00e9nard\"\/>\n                        <\/a>\n<\/div>                    <div class=\"wpsr-review-platform\">\n                <img loading=\"lazy\" decoding=\"async\" class=\"wpsr-review-platform-icon\" width=\"20\" height=\"20\" src=\"https:\/\/www.lydiagauthier.com\/wp-content\/plugins\/wp-social-reviews\/assets\/images\/icon\/icon-google-small.png\" alt=\"google\">\n    <\/div>                    <div class=\"wpsr-review-info\">\n                        <a class=\"wpsr-reviewer-name-url\" target=\"_blank\" rel=\"noopener noreferrer nofollow\" href=\"https:\/\/search.google.com\/local\/reviews?placeid=ChIJxWq60o8ZyUwRbPpMpvybKfY\">\n    <span class=\"wpsr-reviewer-name\">Genevi\u00e8ve M\u00e9nard<\/span>\n    <\/a><div data-rating=\"5\" class=\"wpsr-rating-wrapper wpsr-rating\">\n    \n            <div class=\"wpsr-star-container wpsr-star-background-filled\" style=\"--wpsr-review-star-fill: 100%;\">\n                    <div class=\"wpsr-star-empty\"><\/div>\n                    <div class=\"wpsr-star-filled\"><\/div>\n                <\/div><div class=\"wpsr-star-container wpsr-star-background-filled\" style=\"--wpsr-review-star-fill: 100%;\">\n                    <div class=\"wpsr-star-empty\"><\/div>\n                    <div class=\"wpsr-star-filled\"><\/div>\n                <\/div><div class=\"wpsr-star-container wpsr-star-background-filled\" style=\"--wpsr-review-star-fill: 100%;\">\n                    <div class=\"wpsr-star-empty\"><\/div>\n                    <div class=\"wpsr-star-filled\"><\/div>\n                <\/div><div class=\"wpsr-star-container wpsr-star-background-filled\" style=\"--wpsr-review-star-fill: 100%;\">\n                    <div class=\"wpsr-star-empty\"><\/div>\n                    <div class=\"wpsr-star-filled\"><\/div>\n                <\/div><div class=\"wpsr-star-container wpsr-star-background-filled\" style=\"--wpsr-review-star-fill: 100%;\">\n                    <div class=\"wpsr-star-empty\"><\/div>\n                    <div class=\"wpsr-star-filled\"><\/div>\n                <\/div>    \n    \n    \n    \n    <\/div><span data-time=\"1 year ago\" class=\"wpsr-review-date\">\n     27 November 2024<\/span>                    <\/div>\n                <div class=\"wpsr-review-content  \" tabindex=\"0\">\n            <p class=\"wpsr_add_read_more wpsr_show_less_content\" data-num-words-trim=\"40\">\nFormation tr\u00e8s professionnelle et m\u00eame si j\u2019ai 25 ans dlecoerience dans le domaine j\u2019en ai appris beaucoup! Je la recommande fortement<\/p>\n    <\/div>            <\/div>\n\n        <\/div><div class=\"wpsr-col-3 wpsr-col-sm-4 wpsr-col-xs-12\" role=\"group\">\n            <div class=\"wpsr-review-template wpsr-review-template-one wpsr-review-template-google\"\n                 style=\"\"\n                 data-index=\"1\"\n                 data-source_id=\"6000371202722350932\"\n                 data-media_id=\"AbFvOqntkiJZPdZIRG8r_26yP6yCbRCP9HIgB0XAjGY7pcOgHQHggC_l1k7VPAWRhw_1AQ_Fe0P8tg\"\n                 data-review_platform=\"google\"\n                 data-product_thumbnail=\"\"\n                 data-product_name=\"\"\n                 data-image_resize=\"full\"\n            >\n                <div class=\"wpsr-reviewer-image\">\n    <a class=\"wpsr-reviewer-image-url \" target=\"_blank\" rel=\"noopener noreferrer nofollow\" href=\"https:\/\/search.google.com\/local\/reviews?placeid=ChIJxWq60o8ZyUwRbPpMpvybKfY\">\n                                    <img decoding=\"async\" class=\"wpsr-reviewer-avatar\" src=\"https:\/\/lh3.googleusercontent.com\/a\/ACg8ocJeStvzwBFTU7xQDyGEIu58NaElfNFSFqPcIVo-9fWFv8fQLw=s120-c-rp-mo-br100\" alt=\"Elza Paiement\"\/>\n                        <\/a>\n<\/div>                    <div class=\"wpsr-review-platform\">\n                <img loading=\"lazy\" decoding=\"async\" class=\"wpsr-review-platform-icon\" width=\"20\" height=\"20\" src=\"https:\/\/www.lydiagauthier.com\/wp-content\/plugins\/wp-social-reviews\/assets\/images\/icon\/icon-google-small.png\" alt=\"google\">\n    <\/div>                    <div class=\"wpsr-review-info\">\n                        <a class=\"wpsr-reviewer-name-url\" target=\"_blank\" rel=\"noopener noreferrer nofollow\" href=\"https:\/\/search.google.com\/local\/reviews?placeid=ChIJxWq60o8ZyUwRbPpMpvybKfY\">\n    <span class=\"wpsr-reviewer-name\">Elza Paiement<\/span>\n    <\/a><div data-rating=\"5\" class=\"wpsr-rating-wrapper wpsr-rating\">\n    \n            <div class=\"wpsr-star-container wpsr-star-background-filled\" style=\"--wpsr-review-star-fill: 100%;\">\n                    <div class=\"wpsr-star-empty\"><\/div>\n                    <div class=\"wpsr-star-filled\"><\/div>\n                <\/div><div class=\"wpsr-star-container wpsr-star-background-filled\" style=\"--wpsr-review-star-fill: 100%;\">\n                    <div class=\"wpsr-star-empty\"><\/div>\n                    <div class=\"wpsr-star-filled\"><\/div>\n                <\/div><div class=\"wpsr-star-container wpsr-star-background-filled\" style=\"--wpsr-review-star-fill: 100%;\">\n                    <div class=\"wpsr-star-empty\"><\/div>\n                    <div class=\"wpsr-star-filled\"><\/div>\n                <\/div><div class=\"wpsr-star-container wpsr-star-background-filled\" style=\"--wpsr-review-star-fill: 100%;\">\n                    <div class=\"wpsr-star-empty\"><\/div>\n                    <div class=\"wpsr-star-filled\"><\/div>\n                <\/div><div class=\"wpsr-star-container wpsr-star-background-filled\" style=\"--wpsr-review-star-fill: 100%;\">\n                    <div class=\"wpsr-star-empty\"><\/div>\n                    <div class=\"wpsr-star-filled\"><\/div>\n                <\/div>    \n    \n    \n    \n    <\/div><span data-time=\"1 year ago\" class=\"wpsr-review-date\">\n     14 November 2024<\/span>                    <\/div>\n                            <\/div>\n\n        <\/div><div class=\"wpsr-col-3 wpsr-col-sm-4 wpsr-col-xs-12\" role=\"group\">\n            <div class=\"wpsr-review-template wpsr-review-template-one wpsr-review-template-google\"\n                 style=\"\"\n                 data-index=\"2\"\n                 data-source_id=\"6000371202722350932\"\n                 data-media_id=\"AbFvOqkeNuIw2sSufl4r7KJ6WQtqKUAwXvbADVBvc0K8ll6056PWkGJEHBAh0YlwJVMb4ObCWp8cOA\"\n                 data-review_platform=\"google\"\n                 data-product_thumbnail=\"\"\n                 data-product_name=\"\"\n                 data-image_resize=\"full\"\n            >\n                <div class=\"wpsr-reviewer-image\">\n    <a class=\"wpsr-reviewer-image-url \" target=\"_blank\" rel=\"noopener noreferrer nofollow\" href=\"https:\/\/search.google.com\/local\/reviews?placeid=ChIJxWq60o8ZyUwRbPpMpvybKfY\">\n                                    <img decoding=\"async\" class=\"wpsr-reviewer-avatar\" src=\"https:\/\/lh3.googleusercontent.com\/a\/ACg8ocIprhC_o9br0qbD0uQ_JZkFnytbav4rcPrhwD1RGncNawKdww=s120-c-rp-mo-br100\" alt=\"Alexane Valiquette\"\/>\n                        <\/a>\n<\/div>                    <div class=\"wpsr-review-platform\">\n                <img loading=\"lazy\" decoding=\"async\" class=\"wpsr-review-platform-icon\" width=\"20\" height=\"20\" src=\"https:\/\/www.lydiagauthier.com\/wp-content\/plugins\/wp-social-reviews\/assets\/images\/icon\/icon-google-small.png\" alt=\"google\">\n    <\/div>                    <div class=\"wpsr-review-info\">\n                        <a class=\"wpsr-reviewer-name-url\" target=\"_blank\" rel=\"noopener noreferrer nofollow\" href=\"https:\/\/search.google.com\/local\/reviews?placeid=ChIJxWq60o8ZyUwRbPpMpvybKfY\">\n    <span class=\"wpsr-reviewer-name\">Alexane Valiquette<\/span>\n    <\/a><div data-rating=\"5\" class=\"wpsr-rating-wrapper wpsr-rating\">\n    \n            <div class=\"wpsr-star-container wpsr-star-background-filled\" style=\"--wpsr-review-star-fill: 100%;\">\n                    <div class=\"wpsr-star-empty\"><\/div>\n                    <div class=\"wpsr-star-filled\"><\/div>\n                <\/div><div class=\"wpsr-star-container wpsr-star-background-filled\" style=\"--wpsr-review-star-fill: 100%;\">\n                    <div class=\"wpsr-star-empty\"><\/div>\n                    <div class=\"wpsr-star-filled\"><\/div>\n                <\/div><div class=\"wpsr-star-container wpsr-star-background-filled\" style=\"--wpsr-review-star-fill: 100%;\">\n                    <div class=\"wpsr-star-empty\"><\/div>\n                    <div class=\"wpsr-star-filled\"><\/div>\n                <\/div><div class=\"wpsr-star-container wpsr-star-background-filled\" style=\"--wpsr-review-star-fill: 100%;\">\n                    <div class=\"wpsr-star-empty\"><\/div>\n                    <div class=\"wpsr-star-filled\"><\/div>\n                <\/div><div class=\"wpsr-star-container wpsr-star-background-filled\" style=\"--wpsr-review-star-fill: 100%;\">\n                    <div class=\"wpsr-star-empty\"><\/div>\n                    <div class=\"wpsr-star-filled\"><\/div>\n                <\/div>    \n    \n    \n    \n    <\/div><span data-time=\"1 year ago\" class=\"wpsr-review-date\">\n     13 October 2024<\/span>                    <\/div>\n                <div class=\"wpsr-review-content  \" tabindex=\"0\">\n            <p class=\"wpsr_add_read_more wpsr_show_less_content\" data-num-words-trim=\"40\">\nJ\u2019ai suivi la formation niveau 1 et niveau 2 et j\u2019ai absolument ador\u00e9! En tant qu\u2019esth\u00e9ticienne en m\u00e9dico-esth\u00e9tique c\u2019est important de bien conna\u00eetre nos produits, les conditions cutan\u00e9es, etc.\nMerci Lydia! \ud83d\ude42<\/p>\n    <\/div>            <\/div>\n\n        <\/div><div class=\"wpsr-col-3 wpsr-col-sm-4 wpsr-col-xs-12\" role=\"group\">\n            <div class=\"wpsr-review-template wpsr-review-template-one wpsr-review-template-google\"\n                 style=\"\"\n                 data-index=\"3\"\n                 data-source_id=\"6000371202722350932\"\n                 data-media_id=\"AbFvOqmkUGz14XDqzmHBHpx3Th03tRAW-rr26gbltlJd_PnEy5L5sHIEpoGwweRh0jyS0VOmXcwp\"\n                 data-review_platform=\"google\"\n                 data-product_thumbnail=\"\"\n                 data-product_name=\"\"\n                 data-image_resize=\"full\"\n            >\n                <div class=\"wpsr-reviewer-image\">\n    <a class=\"wpsr-reviewer-image-url \" target=\"_blank\" rel=\"noopener noreferrer nofollow\" href=\"https:\/\/search.google.com\/local\/reviews?placeid=ChIJxWq60o8ZyUwRbPpMpvybKfY\">\n                                    <img decoding=\"async\" class=\"wpsr-reviewer-avatar\" src=\"https:\/\/lh3.googleusercontent.com\/a-\/ALV-UjW14GGtrzvtLL3ni6CTZXRVeOeEcMLzOafnhou8U1nhpclgq2-SxQ=s120-c-rp-mo-ba2-br100\" alt=\"Marie Letourneau\"\/>\n                        <\/a>\n<\/div>                    <div class=\"wpsr-review-platform\">\n                <img loading=\"lazy\" decoding=\"async\" class=\"wpsr-review-platform-icon\" width=\"20\" height=\"20\" src=\"https:\/\/www.lydiagauthier.com\/wp-content\/plugins\/wp-social-reviews\/assets\/images\/icon\/icon-google-small.png\" alt=\"google\">\n    <\/div>                    <div class=\"wpsr-review-info\">\n                        <a class=\"wpsr-reviewer-name-url\" target=\"_blank\" rel=\"noopener noreferrer nofollow\" href=\"https:\/\/search.google.com\/local\/reviews?placeid=ChIJxWq60o8ZyUwRbPpMpvybKfY\">\n    <span class=\"wpsr-reviewer-name\">Marie Letourneau<\/span>\n    <\/a><div data-rating=\"5\" class=\"wpsr-rating-wrapper wpsr-rating\">\n    \n            <div class=\"wpsr-star-container wpsr-star-background-filled\" style=\"--wpsr-review-star-fill: 100%;\">\n                    <div class=\"wpsr-star-empty\"><\/div>\n                    <div class=\"wpsr-star-filled\"><\/div>\n                <\/div><div class=\"wpsr-star-container wpsr-star-background-filled\" style=\"--wpsr-review-star-fill: 100%;\">\n                    <div class=\"wpsr-star-empty\"><\/div>\n                    <div class=\"wpsr-star-filled\"><\/div>\n                <\/div><div class=\"wpsr-star-container wpsr-star-background-filled\" style=\"--wpsr-review-star-fill: 100%;\">\n                    <div class=\"wpsr-star-empty\"><\/div>\n                    <div class=\"wpsr-star-filled\"><\/div>\n                <\/div><div class=\"wpsr-star-container wpsr-star-background-filled\" style=\"--wpsr-review-star-fill: 100%;\">\n                    <div class=\"wpsr-star-empty\"><\/div>\n                    <div class=\"wpsr-star-filled\"><\/div>\n                <\/div><div class=\"wpsr-star-container wpsr-star-background-filled\" style=\"--wpsr-review-star-fill: 100%;\">\n                    <div class=\"wpsr-star-empty\"><\/div>\n                    <div class=\"wpsr-star-filled\"><\/div>\n                <\/div>    \n    \n    \n    \n    <\/div><span data-time=\"2 years ago\" class=\"wpsr-review-date\">\n     8 May 2024<\/span>                    <\/div>\n                            <\/div>\n\n        <\/div><\/div><button aria-label=\"Read more testimonial\" class=\"wpsr-reviews-loadmore wpsr_more\" id=\"wpsr-reviews-load-more-btn6494\" data-paginate=\"4\" data-template_id=\"6494\" data-page=\"1\" data-platform=\"reviews\" data-template_type=\"grid\" data-total=\"33\"><span>Read more testimonial<\/span><\/button><\/div><\/div>\n\t<h2>Ready to advance your practice and your business?<\/h2>\n<p>Our training, specialized workshops and discovery conferences offered only online allow you to progress at your own pace and become a reference in your industry for the various skin problems of your customers.<\/p>\n<p><a role=\"button\" href=\"\/en\/online-training\/\">See our trainings<\/a><\/p>\n\n","protected":false},"excerpt":{"rendered":"<p>Professionals in the Skin Care Industry Increase your credibility and the results of your institute SEE OUR TRAININGS Your Skin, the only piece of Clothing [&hellip;]<\/p>\n","protected":false},"author":1,"featured_media":0,"parent":0,"menu_order":0,"comment_status":"closed","ping_status":"closed","template":"","meta":{"_acf_changed":false,"site-sidebar-layout":"no-sidebar","site-content-layout":"page-builder","ast-site-content-layout":"full-width-container","site-content-style":"unboxed","site-sidebar-style":"unboxed","ast-global-header-display":"","ast-banner-title-visibility":"","ast-main-header-display":"","ast-hfb-above-header-display":"","ast-hfb-below-header-display":"","ast-hfb-mobile-header-display":"","site-post-title":"disabled","ast-breadcrumbs-content":"","ast-featured-img":"","footer-sml-layout":"","ast-disable-related-posts":"","theme-transparent-header-meta":"default","adv-header-id-meta":"","stick-header-meta":"","header-above-stick-meta":"","header-main-stick-meta":"","header-below-stick-meta":"","astra-migrate-meta-layouts":"default","ast-page-background-enabled":"default","ast-page-background-meta":{"desktop":{"background-color":"","background-image":"","background-repeat":"repeat","background-position":"center center","background-size":"auto","background-attachment":"scroll","background-type":"","background-media":"","overlay-type":"","overlay-color":"","overlay-opacity":"","overlay-gradient":""},"tablet":{"background-color":"","background-image":"","background-repeat":"repeat","background-position":"center center","background-size":"auto","background-attachment":"scroll","background-type":"","background-media":"","overlay-type":"","overlay-color":"","overlay-opacity":"","overlay-gradient":""},"mobile":{"background-color":"","background-image":"","background-repeat":"repeat","background-position":"center center","background-size":"auto","background-attachment":"scroll","background-type":"","background-media":"","overlay-type":"","overlay-color":"","overlay-opacity":"","overlay-gradient":""}},"ast-content-background-meta":{"desktop":{"background-color":"var(--ast-global-color-5)","background-image":"","background-repeat":"repeat","background-position":"center center","background-size":"auto","background-attachment":"scroll","background-type":"","background-media":"","overlay-type":"","overlay-color":"","overlay-opacity":"","overlay-gradient":""},"tablet":{"background-color":"var(--ast-global-color-5)","background-image":"","background-repeat":"repeat","background-position":"center center","background-size":"auto","background-attachment":"scroll","background-type":"","background-media":"","overlay-type":"","overlay-color":"","overlay-opacity":"","overlay-gradient":""},"mobile":{"background-color":"var(--ast-global-color-5)","background-image":"","background-repeat":"repeat","background-position":"center center","background-size":"auto","background-attachment":"scroll","background-type":"","background-media":"","overlay-type":"","overlay-color":"","overlay-opacity":"","overlay-gradient":""}},"footnotes":""},"class_list":["post-2226","page","type-page","status-publish","hentry"],"acf":[],"_links":{"self":[{"href":"https:\/\/www.lydiagauthier.com\/en\/wp-json\/wp\/v2\/pages\/2226","targetHints":{"allow":["GET"]}}],"collection":[{"href":"https:\/\/www.lydiagauthier.com\/en\/wp-json\/wp\/v2\/pages"}],"about":[{"href":"https:\/\/www.lydiagauthier.com\/en\/wp-json\/wp\/v2\/types\/page"}],"author":[{"embeddable":true,"href":"https:\/\/www.lydiagauthier.com\/en\/wp-json\/wp\/v2\/users\/1"}],"replies":[{"embeddable":true,"href":"https:\/\/www.lydiagauthier.com\/en\/wp-json\/wp\/v2\/comments?post=2226"}],"version-history":[{"count":5,"href":"https:\/\/www.lydiagauthier.com\/en\/wp-json\/wp\/v2\/pages\/2226\/revisions"}],"predecessor-version":[{"id":7855,"href":"https:\/\/www.lydiagauthier.com\/en\/wp-json\/wp\/v2\/pages\/2226\/revisions\/7855"}],"wp:attachment":[{"href":"https:\/\/www.lydiagauthier.com\/en\/wp-json\/wp\/v2\/media?parent=2226"}],"curies":[{"name":"wp","href":"https:\/\/api.w.org\/{rel}","templated":true}]}}