{"id":5721,"date":"2021-10-21T14:13:02","date_gmt":"2021-10-21T18:13:02","guid":{"rendered":"http:\/\/lydiagauthier.com\/?post_type=product&#038;p=5721"},"modified":"2026-01-22T14:33:45","modified_gmt":"2026-01-22T19:33:45","slug":"hyperpigmentation-pas-taches","status":"publish","type":"product","link":"https:\/\/www.lydiagauthier.com\/en\/product\/hyperpigmentation-pas-taches\/","title":{"rendered":"Interview exclusive avec le m\u00e9lanocyte!"},"content":{"rendered":"","protected":false},"excerpt":{"rendered":"<p>Ces fameuses taches pigmentaires, parfois petites, parfois grosses, mais assur\u00e9ment toujours aussi complexes.<\/p>\n<p>Le m\u00e9lanocyte est une cellule vitale pour la protection de la peau autant contre le vieillissement cutan\u00e9e que contre les cancers d\u00fb \u00e0 une exposition au soleil. C\u2019est pourquoi plusieurs m\u00e9canismes internes ou externes peuvent stimuler la production de m\u00e9lanine protectrice.<br \/>\nLes raisons les plus fr\u00e9quentes que nous allons r\u00e9viser ensemble sont d\u2019ordre actinique, hormonale, inflammatoire ou tout simplement d\u00fb au vieillissement de notre peau. En identifiant la bonne cause, vous pourrez ainsi mieux identifier le bon traitement entre cosm\u00e9tologie ou technologie!<\/p>\n","protected":false},"featured_media":5714,"template":"","meta":{"_acf_changed":false,"site-sidebar-layout":"default","site-content-layout":"default","ast-site-content-layout":"default","site-content-style":"default","site-sidebar-style":"default","ast-global-header-display":"","ast-banner-title-visibility":"","ast-main-header-display":"","ast-hfb-above-header-display":"","ast-hfb-below-header-display":"","ast-hfb-mobile-header-display":"","site-post-title":"","ast-breadcrumbs-content":"","ast-featured-img":"","footer-sml-layout":"","ast-disable-related-posts":"","theme-transparent-header-meta":"default","adv-header-id-meta":"","stick-header-meta":"","header-above-stick-meta":"","header-main-stick-meta":"","header-below-stick-meta":"","astra-migrate-meta-layouts":"set","ast-page-background-enabled":"default","ast-page-background-meta":{"desktop":{"background-color":"","background-image":"","background-repeat":"repeat","background-position":"center center","background-size":"auto","background-attachment":"scroll","background-type":"","background-media":"","overlay-type":"","overlay-color":"","overlay-opacity":"","overlay-gradient":""},"tablet":{"background-color":"","background-image":"","background-repeat":"repeat","background-position":"center center","background-size":"auto","background-attachment":"scroll","background-type":"","background-media":"","overlay-type":"","overlay-color":"","overlay-opacity":"","overlay-gradient":""},"mobile":{"background-color":"","background-image":"","background-repeat":"repeat","background-position":"center center","background-size":"auto","background-attachment":"scroll","background-type":"","background-media":"","overlay-type":"","overlay-color":"","overlay-opacity":"","overlay-gradient":""}},"ast-content-background-meta":{"desktop":{"background-color":"var(--ast-global-color-5)","background-image":"","background-repeat":"repeat","background-position":"center center","background-size":"auto","background-attachment":"scroll","background-type":"","background-media":"","overlay-type":"","overlay-color":"","overlay-opacity":"","overlay-gradient":""},"tablet":{"background-color":"var(--ast-global-color-5)","background-image":"","background-repeat":"repeat","background-position":"center center","background-size":"auto","background-attachment":"scroll","background-type":"","background-media":"","overlay-type":"","overlay-color":"","overlay-opacity":"","overlay-gradient":""},"mobile":{"background-color":"var(--ast-global-color-5)","background-image":"","background-repeat":"repeat","background-position":"center center","background-size":"auto","background-attachment":"scroll","background-type":"","background-media":"","overlay-type":"","overlay-color":"","overlay-opacity":"","overlay-gradient":""}}},"product_brand":[],"product_cat":[115],"product_tag":[],"class_list":{"0":"post-5721","1":"product","2":"type-product","3":"status-publish","4":"has-post-thumbnail","6":"product_cat-conference-decouverte","7":"desktop-align-left","8":"tablet-align-left","9":"mobile-align-left","10":"ast-product-gallery-layout-vertical","11":"ast-product-gallery-with-no-image","12":"ast-magnify-disabled","13":"ast-product-tabs-layout-horizontal","15":"first","16":"instock","17":"virtual","18":"sold-individually","19":"taxable","20":"purchasable","21":"product-type-course"},"acf":[],"_links":{"self":[{"href":"https:\/\/www.lydiagauthier.com\/en\/wp-json\/wp\/v2\/product\/5721","targetHints":{"allow":["GET"]}}],"collection":[{"href":"https:\/\/www.lydiagauthier.com\/en\/wp-json\/wp\/v2\/product"}],"about":[{"href":"https:\/\/www.lydiagauthier.com\/en\/wp-json\/wp\/v2\/types\/product"}],"wp:featuredmedia":[{"embeddable":true,"href":"https:\/\/www.lydiagauthier.com\/en\/wp-json\/wp\/v2\/media\/5714"}],"wp:attachment":[{"href":"https:\/\/www.lydiagauthier.com\/en\/wp-json\/wp\/v2\/media?parent=5721"}],"wp:term":[{"taxonomy":"product_brand","embeddable":true,"href":"https:\/\/www.lydiagauthier.com\/en\/wp-json\/wp\/v2\/product_brand?post=5721"},{"taxonomy":"product_cat","embeddable":true,"href":"https:\/\/www.lydiagauthier.com\/en\/wp-json\/wp\/v2\/product_cat?post=5721"},{"taxonomy":"product_tag","embeddable":true,"href":"https:\/\/www.lydiagauthier.com\/en\/wp-json\/wp\/v2\/product_tag?post=5721"}],"curies":[{"name":"wp","href":"https:\/\/api.w.org\/{rel}","templated":true}]}}