{"id":5809,"date":"2021-11-12T14:24:06","date_gmt":"2021-11-12T19:24:06","guid":{"rendered":"http:\/\/lydiagauthier.com\/?post_type=product&#038;p=5809"},"modified":"2026-01-22T14:30:29","modified_gmt":"2026-01-22T19:30:29","slug":"eczema-reaction-allergique-comment-differencier","status":"publish","type":"product","link":"https:\/\/www.lydiagauthier.com\/en\/product\/eczema-reaction-allergique-comment-differencier\/","title":{"rendered":"Ecz\u00e9ma ou r\u00e9action allergique : comment les diff\u00e9rencier ?"},"content":{"rendered":"","protected":false},"excerpt":{"rendered":"<p>Par l\u2019entremise de la dermopharmacie, Lydia Gauthier offrira une introduction rapide de la biologie cutan\u00e9e de l\u2019\u00e9piderme, si\u00e8ge de l\u2019ecz\u00e9ma g\u00e9n\u00e9tique, mais \u00e9galement des r\u00e9actions allergiques de contact qui ont malheureusement les m\u00eames sympt\u00f4mes!<\/p>\n<p>Quelle est la physiopathologie de l\u2019ecz\u00e9ma? Je r\u00e9pondrai \u00e0 cette question et expliquerai l\u2019importance de comprendre le cycle de sensibilisation et de pouss\u00e9e afin de diff\u00e9rencier les causes possibles de l\u2019\u00e9ruption cutan\u00e9e, ce qui est essentiel pour trouver un traitement appropri\u00e9.<\/p>\n<p>Nous verrons les voies de traitement dans les deux \u00e9ventualit\u00e9s puisque les cas d\u2019ecz\u00e9ma sont en hausse et les r\u00e9actions allergiques repr\u00e9sentent de 20 \u00e0 30 % des r\u00e9actions d\u2019intol\u00e9rance aux produits cosm\u00e9tiques.<\/p>\n","protected":false},"featured_media":5794,"template":"","meta":{"_acf_changed":false,"site-sidebar-layout":"default","site-content-layout":"default","ast-site-content-layout":"default","site-content-style":"default","site-sidebar-style":"default","ast-global-header-display":"","ast-banner-title-visibility":"","ast-main-header-display":"","ast-hfb-above-header-display":"","ast-hfb-below-header-display":"","ast-hfb-mobile-header-display":"","site-post-title":"","ast-breadcrumbs-content":"","ast-featured-img":"","footer-sml-layout":"","ast-disable-related-posts":"","theme-transparent-header-meta":"default","adv-header-id-meta":"","stick-header-meta":"","header-above-stick-meta":"","header-main-stick-meta":"","header-below-stick-meta":"","astra-migrate-meta-layouts":"set","ast-page-background-enabled":"default","ast-page-background-meta":{"desktop":{"background-color":"","background-image":"","background-repeat":"repeat","background-position":"center center","background-size":"auto","background-attachment":"scroll","background-type":"","background-media":"","overlay-type":"","overlay-color":"","overlay-opacity":"","overlay-gradient":""},"tablet":{"background-color":"","background-image":"","background-repeat":"repeat","background-position":"center center","background-size":"auto","background-attachment":"scroll","background-type":"","background-media":"","overlay-type":"","overlay-color":"","overlay-opacity":"","overlay-gradient":""},"mobile":{"background-color":"","background-image":"","background-repeat":"repeat","background-position":"center center","background-size":"auto","background-attachment":"scroll","background-type":"","background-media":"","overlay-type":"","overlay-color":"","overlay-opacity":"","overlay-gradient":""}},"ast-content-background-meta":{"desktop":{"background-color":"var(--ast-global-color-5)","background-image":"","background-repeat":"repeat","background-position":"center center","background-size":"auto","background-attachment":"scroll","background-type":"","background-media":"","overlay-type":"","overlay-color":"","overlay-opacity":"","overlay-gradient":""},"tablet":{"background-color":"var(--ast-global-color-5)","background-image":"","background-repeat":"repeat","background-position":"center center","background-size":"auto","background-attachment":"scroll","background-type":"","background-media":"","overlay-type":"","overlay-color":"","overlay-opacity":"","overlay-gradient":""},"mobile":{"background-color":"var(--ast-global-color-5)","background-image":"","background-repeat":"repeat","background-position":"center center","background-size":"auto","background-attachment":"scroll","background-type":"","background-media":"","overlay-type":"","overlay-color":"","overlay-opacity":"","overlay-gradient":""}}},"product_brand":[],"product_cat":[115],"product_tag":[],"class_list":{"0":"post-5809","1":"product","2":"type-product","3":"status-publish","4":"has-post-thumbnail","6":"product_cat-conference-decouverte","7":"desktop-align-left","8":"tablet-align-left","9":"mobile-align-left","10":"ast-product-gallery-layout-vertical","11":"ast-product-gallery-with-no-image","12":"ast-magnify-disabled","13":"ast-product-tabs-layout-horizontal","15":"first","16":"instock","17":"virtual","18":"sold-individually","19":"taxable","20":"purchasable","21":"product-type-course"},"acf":[],"_links":{"self":[{"href":"https:\/\/www.lydiagauthier.com\/en\/wp-json\/wp\/v2\/product\/5809","targetHints":{"allow":["GET"]}}],"collection":[{"href":"https:\/\/www.lydiagauthier.com\/en\/wp-json\/wp\/v2\/product"}],"about":[{"href":"https:\/\/www.lydiagauthier.com\/en\/wp-json\/wp\/v2\/types\/product"}],"wp:featuredmedia":[{"embeddable":true,"href":"https:\/\/www.lydiagauthier.com\/en\/wp-json\/wp\/v2\/media\/5794"}],"wp:attachment":[{"href":"https:\/\/www.lydiagauthier.com\/en\/wp-json\/wp\/v2\/media?parent=5809"}],"wp:term":[{"taxonomy":"product_brand","embeddable":true,"href":"https:\/\/www.lydiagauthier.com\/en\/wp-json\/wp\/v2\/product_brand?post=5809"},{"taxonomy":"product_cat","embeddable":true,"href":"https:\/\/www.lydiagauthier.com\/en\/wp-json\/wp\/v2\/product_cat?post=5809"},{"taxonomy":"product_tag","embeddable":true,"href":"https:\/\/www.lydiagauthier.com\/en\/wp-json\/wp\/v2\/product_tag?post=5809"}],"curies":[{"name":"wp","href":"https:\/\/api.w.org\/{rel}","templated":true}]}}