{"id":8984,"date":"2025-11-27T12:40:49","date_gmt":"2025-11-27T17:40:49","guid":{"rendered":"https:\/\/www.lydiagauthier.com\/?post_type=product&#038;p=8984"},"modified":"2026-01-22T14:23:55","modified_gmt":"2026-01-22T19:23:55","slug":"360-degre-contour-oeil","status":"publish","type":"product","link":"https:\/\/www.lydiagauthier.com\/en\/product\/360-degre-contour-oeil\/","title":{"rendered":"360 degr\u00e9 autour du contour de l\u2019\u0153il!"},"content":{"rendered":"","protected":false},"excerpt":{"rendered":"<p>Une bien petite zone le contour de l\u2019\u0153il, compar\u00e9e \u00e0 l\u2019ensemble du visage, mais d\u2019une complexit\u00e9 in\u00e9gal\u00e9e!<\/p>\n<p>Les choix sont nombreux pour critiquer notre contour des yeux\u202f: rides d\u2019expression, affaissement, poches et cernes sont les plus communes.<\/p>\n<p>Mais maintenant, savez-vous reconnaitre les types de cerne\u202f: hyperpigment\u00e9es ou bleut\u00e9es?<\/p>\n<p>Et les poches sont tels de types lymphatiques ou graisseuses?<\/p>\n<p>Venez passez cette prochaine heure avec moi et vous serez les mieux qualifi\u00e9es pour les d\u00e9busquer et ainsi s\u00e9lectionner le meilleur contour des yeux pour chacun des besoins sp\u00e9cifiques.<\/p>\n","protected":false},"featured_media":8982,"template":"","meta":{"_acf_changed":false,"site-sidebar-layout":"default","site-content-layout":"default","ast-site-content-layout":"default","site-content-style":"default","site-sidebar-style":"default","ast-global-header-display":"","ast-banner-title-visibility":"","ast-main-header-display":"","ast-hfb-above-header-display":"","ast-hfb-below-header-display":"","ast-hfb-mobile-header-display":"","site-post-title":"","ast-breadcrumbs-content":"","ast-featured-img":"","footer-sml-layout":"","ast-disable-related-posts":"","theme-transparent-header-meta":"default","adv-header-id-meta":"","stick-header-meta":"","header-above-stick-meta":"","header-main-stick-meta":"","header-below-stick-meta":"","astra-migrate-meta-layouts":"set","ast-page-background-enabled":"default","ast-page-background-meta":{"desktop":{"background-color":"","background-image":"","background-repeat":"repeat","background-position":"center center","background-size":"auto","background-attachment":"scroll","background-type":"","background-media":"","overlay-type":"","overlay-color":"","overlay-opacity":"","overlay-gradient":""},"tablet":{"background-color":"","background-image":"","background-repeat":"repeat","background-position":"center center","background-size":"auto","background-attachment":"scroll","background-type":"","background-media":"","overlay-type":"","overlay-color":"","overlay-opacity":"","overlay-gradient":""},"mobile":{"background-color":"","background-image":"","background-repeat":"repeat","background-position":"center center","background-size":"auto","background-attachment":"scroll","background-type":"","background-media":"","overlay-type":"","overlay-color":"","overlay-opacity":"","overlay-gradient":""}},"ast-content-background-meta":{"desktop":{"background-color":"var(--ast-global-color-5)","background-image":"","background-repeat":"repeat","background-position":"center center","background-size":"auto","background-attachment":"scroll","background-type":"","background-media":"","overlay-type":"","overlay-color":"","overlay-opacity":"","overlay-gradient":""},"tablet":{"background-color":"var(--ast-global-color-5)","background-image":"","background-repeat":"repeat","background-position":"center center","background-size":"auto","background-attachment":"scroll","background-type":"","background-media":"","overlay-type":"","overlay-color":"","overlay-opacity":"","overlay-gradient":""},"mobile":{"background-color":"var(--ast-global-color-5)","background-image":"","background-repeat":"repeat","background-position":"center center","background-size":"auto","background-attachment":"scroll","background-type":"","background-media":"","overlay-type":"","overlay-color":"","overlay-opacity":"","overlay-gradient":""}}},"product_brand":[],"product_cat":[115],"product_tag":[],"class_list":{"0":"post-8984","1":"product","2":"type-product","3":"status-publish","4":"has-post-thumbnail","6":"product_cat-conference-decouverte","7":"desktop-align-left","8":"tablet-align-left","9":"mobile-align-left","10":"ast-product-gallery-layout-vertical","11":"ast-product-gallery-with-no-image","12":"ast-magnify-disabled","13":"ast-product-tabs-layout-horizontal","15":"first","16":"instock","17":"virtual","18":"sold-individually","19":"taxable","20":"purchasable","21":"product-type-course"},"acf":[],"_links":{"self":[{"href":"https:\/\/www.lydiagauthier.com\/en\/wp-json\/wp\/v2\/product\/8984","targetHints":{"allow":["GET"]}}],"collection":[{"href":"https:\/\/www.lydiagauthier.com\/en\/wp-json\/wp\/v2\/product"}],"about":[{"href":"https:\/\/www.lydiagauthier.com\/en\/wp-json\/wp\/v2\/types\/product"}],"wp:featuredmedia":[{"embeddable":true,"href":"https:\/\/www.lydiagauthier.com\/en\/wp-json\/wp\/v2\/media\/8982"}],"wp:attachment":[{"href":"https:\/\/www.lydiagauthier.com\/en\/wp-json\/wp\/v2\/media?parent=8984"}],"wp:term":[{"taxonomy":"product_brand","embeddable":true,"href":"https:\/\/www.lydiagauthier.com\/en\/wp-json\/wp\/v2\/product_brand?post=8984"},{"taxonomy":"product_cat","embeddable":true,"href":"https:\/\/www.lydiagauthier.com\/en\/wp-json\/wp\/v2\/product_cat?post=8984"},{"taxonomy":"product_tag","embeddable":true,"href":"https:\/\/www.lydiagauthier.com\/en\/wp-json\/wp\/v2\/product_tag?post=8984"}],"curies":[{"name":"wp","href":"https:\/\/api.w.org\/{rel}","templated":true}]}}